{"id":17,"date":"2021-09-16T20:33:36","date_gmt":"2021-09-16T20:33:36","guid":{"rendered":"https:\/\/vigor360oficial.com\/?page_id=17"},"modified":"2021-10-04T15:32:18","modified_gmt":"2021-10-04T15:32:18","slug":"inicio","status":"publish","type":"page","link":"https:\/\/vigor360oficial.com\/","title":{"rendered":"Inicio"},"content":{"rendered":"<div id=\"appxx\">\n<div>\n<div class=\"mainA basefontA LATAM\">\n<div class=\"scroll_class___1LFrfgn_5B\">\n<section class=\"sec1___3d3B_kgyWf\">\n<div class=\"container___3QwOzER-_1\">\n<h2 class=\"sec1_h2___2y4E81f81R main_title___2JwPx5u0J6\">SEA UN AMANTE INVENCIBLE CON Vigor360<\/h2>\n<h3 class=\"sec1_h3___25_4sf2siV main_subtitle___-xtwELOSzn\">Con Vigor360, cada hombre podr\u00e1 tener el rendimiento sexual y la resistencia que vuelve locas a las mujeres.<\/h3>\n<p class=\"sec1_p1___1P_z5KHy-v main_p___16zGRbKc48\">Vigor360 es la \u00fanica p\u00edldora 100% natural, segura y efectiva que puede proporcionar la soluci\u00f3n completa a los desaf\u00edos de la vida sexual de un hombre. S\u00f3lo Vigor360 puede prometer m\u00e1s virilidad, fuerza y placer sin riesgos para la salud y sin receta m\u00e9dica. Esto se debe a que Vigor360 combina ingredientes naturales con eficacia probada en la concentraci\u00f3n que usted necesita para obtener los m\u00e1ximos resultados en su libido.<\/p>\n<p class=\"sec1_p2___n17kmKn0Ad main_p___16zGRbKc48\">Imagine las incre\u00edbles noches de placer va a ser capaz de tener con un pene m\u00e1s r\u00edgido durante horas. Imagine la cara de sorpresa de ella cuando vea el tama\u00f1o de su pene erecto gracias a Vigor360. Imagine la vida sexual que siempre quiso, el estado de \u00e1nimo, la salud \u00a1y la seguridad en s\u00ed mismo!<\/p>\n<p class=\"sec1_p3___1eZSI3p3R5 main_p___16zGRbKc48\">Deje de imaginar: Obtenga Vigor360 y tenga a las mujeres a sus pies, pidiendo m\u00e1s<\/p>\n<p><a><button class=\"btn_try___150We0Tjvs\">\u00a1PRUEBE Vigor360 HOY!<\/button><\/a><\/p>\n<\/div>\n<\/section>\n<section class=\"sec2___1n1gqMOKya\">\n<div class=\"container___3QwOzER-_1\">\n<h2 class=\"sec2_h2___2YJ4QCKMNf main_title___2JwPx5u0J6\">Vigor360 LE PERMITE A UN HOMBRE MEJORAR SU RENDIMIENTO SEXUAL<\/h2>\n<h3 class=\"sec2_h3___11wWymcV93 main_subtitle___-xtwELOSzn\">Al tomar Vigor360 siguiendo las indicaciones, usted sentir\u00e1 estos efectos:<\/h3>\n<ul class=\"sec2_ul___1KkEHoQ6Yt\">\n<li class=\"sec2_li1___22dz25-AKw sec2_list___24KG6tZs8X\"><strong>ENERG\u00cdA SEXUAL DE LARGA DURACI\u00d3N<\/strong><small>Adem\u00e1s de tener un mayor apetito sexual y aumento del placer, Vigor360 lo deja lleno de energ\u00eda para disfrutar toda la noche sin parar. Aproveche su nueva potencia sexual.<\/small><\/li>\n<li class=\"sec2_li2___3CTgoaMqyG sec2_list___24KG6tZs8X\"><strong>MAYOR VIRILIDAD<\/strong><small>Con dos p\u00edldoras al d\u00eda, usted sentir\u00e1 los efectos sobre su deseo sexual, potencia y la duraci\u00f3n de sus erecciones en la primera semana. \u00a1M\u00e1s placer y una mejor sexualidad!<\/small><\/li>\n<li class=\"sec2_li3___3oX2-dHeiK sec2_list___24KG6tZs8X\"><strong>M\u00c1XIMO PLACER<\/strong><small>Orgasmos m\u00e1s intensos y potentes, elevan su disfrute a un nivel que ni siquiera usted sab\u00eda que fuera posible. Usted y su pareja \u00a1se sorprender\u00e1n!<\/small><\/li>\n<\/ul>\n<\/div>\n<\/section>\n<section class=\"sec3___1WTidrzLZD\">\n<div class=\"container___3QwOzER-_1\">\n<h2 class=\"sec3_h2___3vIp9C5fcY main_title___2JwPx5u0J6\">ENTIENDA POR QU\u00c9 Vigor360 FUNCIONA<\/h2>\n<h3 class=\"sec3_h3___1TClpI5PG8 main_subtitle___-xtwELOSzn\">Conozca la acci\u00f3n integrada de las p\u00edldoras y los ejercicios que le ayudar\u00e1n a mejorar su vida sexual<\/h3>\n<figure class=\"sec3_img___SQtLC9efEv\"><\/figure>\n<p class=\"sec3_p1___g_-a3Jcbht main_p___16zGRbKc48\">Dentro del pene, existen los cuerpos cavernosos, que son como c\u00e1maras que se llenan de sangre. Cuando estas c\u00e1maras est\u00e1n completamente llenas de sangre, se hinchan y producen una erecci\u00f3n.<\/p>\n<p class=\"sec3_p2___2Rhd-hs6UJ main_p___16zGRbKc48\">Mientras mayor sea la cantidad de sangre que los cuerpos cavernosos pueden almacenar, m\u00e1s potente ser\u00e1 su erecci\u00f3n. Pero para que esto suceda se necesita un cuerpo cavernoso sano, junto con un gran flujo de sangre y un equilibrio hormonal para producir apetito sexual.<\/p>\n<p class=\"sec3_p3___2fZOHL3NXS main_p___16zGRbKc48\">Y ah\u00ed es donde aparecen las p\u00edldoras Vigor360. Ellas trabajan en cuatro frentes que determinan la calidad del sexo y el poder de sus erecciones.<\/p>\n<figure class=\"chart_mobile___3WJ_gMGjm7\"><b class=\"sec3_chart_b1___2D-o1fFV3M sec3_chart_b___Wv6O3N3cpM\">CUERPOS CAVERNOSOS<\/b><b class=\"sec3_chart_b2___1EBqENdZy_ sec3_chart_b___Wv6O3N3cpM\">ARTERIA CAVERNOSA<\/b><\/figure>\n<ol class=\"sec3_ol___1jpbDYY_3l\">\n<li class=\"sec3_li1___3Cw2RA1ZMF sec3_list___3l5yy6guCM\"><strong><b>1<\/b> <em>La salud de los cuerpos cavernosos<\/em><\/strong><small>Las p\u00edldoras aumentan el flujo de sangre hacia los cuerpos cavernosos, lo que permite mayor flujo sangu\u00edneo que irrigue al pene y produzca erecciones m\u00e1s intensas y m\u00e1s duraderas.<\/small><span class=\"sec3_chart1___2Ro-hLK219\"><b class=\"sec3_chart_b1___2D-o1fFV3M sec3_chart_b___Wv6O3N3cpM\">CUERPOS CAVERNOSOS<\/b><b class=\"sec3_chart_b2___1EBqENdZy_ sec3_chart_b___Wv6O3N3cpM\">ARTERIA CAVERNOSA<\/b><\/span><small>Esta sangre adicional en los cuerpos cavernosos causa una m\u00e1xima expansi\u00f3n de los tejidos del pene, lo que ayuda a aumentar la sensibilidad de los tejidos, aumentando el placer y la intensidad de los orgasmos.<\/small><\/li>\n<li class=\"sec3_li2___3sDg66P2MI sec3_list___3l5yy6guCM\"><strong><b>2<\/b> <em>Equilibrio Hormonal<\/em><\/strong><small>Las p\u00edldoras tambi\u00e9n aumentan la concentraci\u00f3n de la hormona testosterona, la principal responsable de la conducta sexual masculina y tienen gran influencia en la potencia de las erecciones y la calidad de los orgasmos.<\/small><\/li>\n<li class=\"sec3_li3___1ecHs68HZH sec3_list___3l5yy6guCM\"><strong><b>3<\/b> <em>Regeneraci\u00f3n Celular<\/em><\/strong><small>Para maximizar la expansi\u00f3n de los cuerpos cavernosos y generar erecciones impresionantes, su cuerpo deber\u00e1 producir nuevas c\u00e9lulas m\u00e1s r\u00e1pido. Vigor360 es rico en antioxidantes, comprobados en la ayuda a la formaci\u00f3n de nuevo tejido.<\/small><\/li>\n<li class=\"sec3_li4___qLFzr08wpP sec3_list___3l5yy6guCM\"><strong><b>4<\/b> <em>Energ\u00eda y disposici\u00f3n<\/em><\/strong><small>Por otra parte, las p\u00edldoras son ricas en sustancias que proporcionan energ\u00eda extra para que pueda disfrutar de su nueva potencia y de virilidad durante toda la noche.<\/small><\/li>\n<\/ol>\n<p><a><button class=\"btn_try___150We0Tjvs\">\u00a1PRUEBE Vigor360 HOY!<\/button><\/a><\/p>\n<\/div>\n<\/section>\n<section class=\"sec4___3ls0l8iDvR\">\n<div class=\"container___3QwOzER-_1\">\n<h2 class=\"sec4_h2___2r0KLxcNjT main_title___2JwPx5u0J6\"><small>EL INGREDIENTE SECRETO:<\/small> <b>HORNY GOAT WEED<\/b><\/h2>\n<h3 class=\"sec4_h3___88gTzgpqu7\">Epimedium<br \/>\nIcariin<\/h3>\n<figure class=\"sec4_ingr_featured___3hiX8uo_Cj\"><\/figure>\n<p class=\"sec4_p1___1LQtbEUWT7\">Extra\u00eddos de una fruta ex\u00f3tica amaz\u00f3nica estudiada por la Corporaci\u00f3n Brasile\u00f1a de Investigaci\u00f3n Agropecuaria, estos compuestos tienen fuertes efectos sobre la circulaci\u00f3n sangu\u00ednea y los niveles de la hormona testosterona, asegurando erecciones potentes y facilitando el crecimiento del tejido del pene.<\/p>\n<h2 class=\"sec4_h2_2___3HvCLV0N0n\">OTROS INGREDIENTES<\/h2>\n<ul class=\"sec4_ul___1oxr1OyCVE\">\n<li class=\"sec4_li1___JS5KwlfHub sec4_list___3u2ldTaGtU\"><b>TONGKAT ALI ROOT<\/b><small>El Tongkat Ali Root ha sido utilizado desde hace mucho tiempo para los trastornos sexuales relacionados con la edad, los s\u00edntomas de la andropausia, y para estimular la libido masculina. <\/small><\/li>\n<li class=\"sec4_li2___zBTTqvhXCE sec4_list___3u2ldTaGtU\"><b>SAW PALMETTO<\/b><small>Utilizado para incrementar los niveles de testosterona, el Saw Palmetto aumenta la provisi\u00f3n de energ\u00eda y el apetito sexual para que usted pueda continuar durante toda la noche.<\/small><\/li>\n<li class=\"sec4_li3___1Gbb-Gl5eu sec4_list___3u2ldTaGtU\"><b>RA\u00cdZ DE ORTIGA<\/b><small>Un inhibidor suave pero eficaz de la aromatasa el cual controla el estr\u00f3geno e incrementa los niveles de testosterona libre y, posteriormente, lograr que los niveles de DHT aumenten.<\/small><\/li>\n<\/ul>\n<\/div>\n<\/section>\n<section class=\"sec5___1lptIkORX6\">\n<div class=\"container___3QwOzER-_1\">\n<h2 class=\"sec5_h2___1GFUHq4Dwo main_title___2JwPx5u0J6\">Vigor360 HA SIDO PROBADO CONCIENZUDAMENTE EN EL LABORATORIO.<\/h2>\n<h3 class=\"sec5_h3___2X0vHyZdrP main_subtitle___-xtwELOSzn\">Nuestro programa es seguro, cient\u00edficamente comprobado y aprobado por expertos<\/h3>\n<figure class=\"sec5_research___3VmCTr5UWm\"><\/figure>\n<p>La f\u00f3rmula de Vigor360 se compone \u00fanicamente de ingredientes naturales utilizados durante miles de a\u00f1os para combatir la impotencia, aumentar la libido, la energ\u00eda y el estado de \u00e1nimo y el placer sexual. Todos los ingredientes cuentan con acci\u00f3n cient\u00edficamente comprobada en el laboratorio y se han utilizado con \u00e9xito durante siglos en el tratamiento de los diferentes tipos de disfunci\u00f3n sexual masculina, sin ning\u00fan problema o contraindicaci\u00f3n.<\/p>\n<p>La f\u00f3rmula de Vigor360 es recomendada por los expertos en diversos campos como creadora de la mejor soluci\u00f3n para la felicidad sexual.<\/p>\n<p class=\"sec5_p3___bMryEbQL4U\">\u00abLa f\u00f3rmula \u00fanica de las p\u00edldoras Vigor360 cumple con los m\u00e1s altos est\u00e1ndares internacionales de calidad y seguridad. Sus ingredientes son los mejores posibles para proporcionar erecciones m\u00e1s intensas, alto placer sexual y salud del pene. Vigor360 crea las condiciones perfectas para disfrutar de su vida sexual de forma saludable, segura y con un mayor placer.\u00bb<\/p>\n<p><a><button class=\"btn_try___150We0Tjvs\">\u00a1PRUEBE Vigor360 HOY!<\/button><\/a><\/p>\n<\/div>\n<\/section>\n<section class=\"sec6___1k14KBug0-\">\n<div class=\"container___3QwOzER-_1\">\n<h2 class=\"sec6_h2___HC9kYcUQfB main_title___2JwPx5u0J6\">SEA OTRO DE LOS HOMBRES QUE YA CONOCE Vigor360<\/h2>\n<h3 class=\"sec6_h3___3xUYfyjSjZ main_subtitle___-xtwELOSzn\">Vea algunas de las miles de historias de \u00e9xito que recibimos todos los d\u00edas.<\/h3>\n<div class=\"sec6_testi___1aXXhjN-Vz\">\n<h3 class=\"sec6_testi_h3___3Q9j0HFoMD\">Erecciones r\u00edgidas y fuertes, finalmente<\/h3>\n<p class=\"sec6_testi_p___1u0d-vp3rK\">\u00abYo siempre ha tenido problemas con mis erecciones. Siempre pens\u00e9 que era algo dentro de mi cabeza. Busqu\u00e9 psic\u00f3logos, terapeutas e incluso m\u00e9dicos tratantes de la salud masculina. \u00a1S\u00f3lo Vigor360 solucion\u00f3 mi problema! Mejor\u00f3 enormemente mi deseo sexual \u00a1proporcion\u00e1ndome una erecci\u00f3n fuerte y duradera! \u00a1Vigor360 es real!\u00bb<\/p>\n<p><small class=\"sec6_testi_small___nAvT1r90fP\">Elias Buzato, 22, Mexico<\/small><\/p>\n<\/div>\n<div class=\"sec6_testi___1aXXhjN-Vz\">\n<h3 class=\"sec6_testi_h3___3Q9j0HFoMD\">Mi esposa dice gracias<\/h3>\n<p class=\"sec6_testi_p___1u0d-vp3rK\">\u00abEstaba cansado de dar las mismas excusas.\u00bb &#8216;Hoy no estoy de humor&#8217;, &#8216;dolor de cabeza&#8217;, etc &#8230; \u00a1As\u00ed que prob\u00e9 Vigor360! Esa monoton\u00eda, el bajo inter\u00e9s en el sexo y la fatiga \u00a1se han esfumado! Ahora tengo relaciones sexuales con mi esposa todos los d\u00edas y \u00a1ella sigue pidiendo m\u00e1s! Vigor360, mi esposa ten\u00eda que decir &#8216;gracias!'\u00bb<\/p>\n<p><small class=\"sec6_testi_small___nAvT1r90fP\">Renan Lima, 26, Colombia<\/small><\/p>\n<\/div>\n<div class=\"sec6_testi___1aXXhjN-Vz\">\n<h3 class=\"sec6_testi_h3___3Q9j0HFoMD\">Erecciones d\u00e9biles? \u00a1No m\u00e1s!<\/h3>\n<p class=\"sec6_testi_p___1u0d-vp3rK\">\u00abUno de mis amigos me habl\u00f3 de Vigor360 y tuve que probarlo. \u00a1Dicho y hecho! Vigor360 me dio la virilidad que siempre so\u00f1\u00e9 con tener en la cama. S\u00f3lo tiene que seguir las instrucciones \u00a1y ver los resultados por usted mismo!\u00bb<\/p>\n<p><small class=\"sec6_testi_small___nAvT1r90fP\">Marco Sanchez, 39, Puerto Rico<\/small><\/p>\n<\/div>\n<div class=\"sec6_testi___1aXXhjN-Vz\">\n<h3 class=\"sec6_testi_h3___3Q9j0HFoMD\">Erecciones sin preocupaci\u00f3n<\/h3>\n<p class=\"sec6_testi_p___1u0d-vp3rK\">\u00abSiempre que acud\u00eda a mis amigos en confidencia, era debido a la misma preocupaci\u00f3n &#8216;Si voy a casa con una mujer, nunca funciona como deber\u00eda. \u00abHoy en d\u00eda, sin embargo, Vigor360 me ha dado el empuj\u00f3n que necesitaba para lograr erecciones potentes.\u00bb<\/p>\n<p><small class=\"sec6_testi_small___nAvT1r90fP\">Eugenio Ximenez, 31, Chile<\/small><\/p>\n<\/div>\n<\/div>\n<\/section>\n<section class=\"sec7___2gqfTdIRLk\">\n<div class=\"container___3QwOzER-_1\">\n<h2 class=\"sec7_h2___TNJm1ga8WR main_title___2JwPx5u0J6\">\u00bfEs seguro comprar en internet?<\/h2>\n<h3 class=\"sec7_h3___3egnuY_wH1 main_subtitle___-xtwELOSzn\">Est\u00e9 tranquilo, comprar Vigor360 es f\u00e1cil y seguro:<\/h3>\n<ul class=\"sec7_ul____m_2AYe5L0\">\n<li class=\"sec7_li1___eYaKb8tOeD sec7_list___2tQbD10A7W\">Los datos personales sensibles no se comparten<\/li>\n<li class=\"sec7_li2___rUOrILGRqH sec7_list___2tQbD10A7W\">La informaci\u00f3n financiera est\u00e1 cifrada<\/li>\n<li class=\"sec7_li3___1tsatqS-m2 sec7_list___2tQbD10A7W\">100% Seguro<\/li>\n<li class=\"sec7_li4___cVDymN3F5v sec7_list___2tQbD10A7W\">\u00a1ENV\u00cdO GRATUITO!<\/li>\n<\/ul>\n<p><a><button class=\"btn_order___Q9c4hTi96q\">ORDENE AHORA!<\/button><\/a><\/p>\n<\/div>\n<\/section>\n<section class=\"sec8___bj-eHXoPr7\">\n<div class=\"container___3QwOzER-_1\">\n<figure class=\"sec8_bottle___3bKK-rH4G8\"><\/figure>\n<h2 class=\"sec8_h2___3teRP3NFHF main_title___2JwPx5u0J6\">&nbsp;<\/h2>\n<p>S\u00f3lo nuestro programa puede garantizar con seguridad sus impresionantes resultados, ya que s\u00f3lo Vigor360 es capaz de asegurar que sus materias primas son reales y que el proceso de producci\u00f3n cumple con los est\u00e1ndares de calidad nacionales e internacionales. Adem\u00e1s, s\u00f3lo Vigor360 ofrece un programa de ejercicios eficaces y totalmente seguros, probados por miles de hombres y aprobados por expertos encontrados en los resultados.<\/p>\n<p>Debido al \u00e9xito de Vigor360 desde su llegada al mercado, muchas empresas deshonestas est\u00e1n copiando nuestro producto actualmente. \u00a1CUIDADO! Mant\u00e9ngase alerta sobre las copias baratas &#8211; estas incluso pueden contener sustancias peligrosas. Proteja su salud y siempre busque el original Vigor360.<\/p>\n<\/div>\n<\/section>\n<section class=\"sec9___3ny2q508Yy\">\n<div class=\"container___3QwOzER-_1\">\n<h2 class=\"sec9_h2___29Ib3JK8W3 main_title___2JwPx5u0J6\">PREGUNTAS FRECUENTES<\/h2>\n<h3 class=\"sec9_h3___1XnSuaalYl main_subtitle___-xtwELOSzn\">Vigor360 facilita una vida completa y una vida sexual satisfactoria<\/h3>\n<aside class=\"sec9_accordion___2P1ivoVS53\">\n<h3 class=\"sec9_acc_box1___E7BmAZhsF8 sec9_acc_box___2DHrGSDIBl inactive\"><b>\u00bfQu\u00e9 es Vigor360?<\/b><small>Vigor360 es un suplemento 100% natural. Aumenta el apetito sexual, la duraci\u00f3n y la potencia de las erecciones e intensifica sus orgasmos.<\/small><\/h3>\n<h3 class=\"sec9_acc_box2___2Mfkvkbk0o sec9_acc_box___2DHrGSDIBl inactive\"><b>\u00bfC\u00f3mo funciona Vigor360?<\/b><small>Vigor360 promueve la salud de los cuerpos cavernosos para que sean m\u00e1s el\u00e1sticos y almacenen m\u00e1s sangre. Esto aumenta el flujo de sangre al pene. Con esto, usted tiene erecciones m\u00e1s potentes, orgasmos m\u00e1s fuertes, m\u00e1s grandes y m\u00e1s duraderos. Por otra parte, Vigor360 le proporciona energ\u00eda \u00a1para disfrutar su potencia sexual aumentada!<\/small><\/h3>\n<h3 class=\"sec9_acc_box3___1T0KjV1Ivh sec9_acc_box___2DHrGSDIBl inactive\"><b>\u00bfC\u00f3mo debo usar Vigor360?<\/b><small>Para obtener los mejores resultados, tome Vigor360 diariamente, 2 p\u00edldoras al d\u00eda para que siempre est\u00e9 listo para obtener el m\u00e1ximo placer sexual. Si quiere efectos a\u00fan m\u00e1s impresionantes, tome una tableta adicional 30 minutos antes de iniciar la actividad sexual \u00a1y sorpr\u00e9ndase a usted mismo!<\/small><\/h3>\n<h3 class=\"sec9_acc_box4___3LMFHsdOlP sec9_acc_box___2DHrGSDIBl inactive\"><b>\u00bfHay efectos secundarios al usar las p\u00edldoras Vigor360?<\/b><small>No hay efectos secundarios al consumir el producto, y cualquier persona puede tomar y disfrutar de sus beneficios. Sin embargo, las mujeres embarazadas, madres lactantes, ni\u00f1os y personas enfermas o que hacen uso continuo de cualquier medicamento deben consultar a un m\u00e9dico antes de iniciar el consumo.<\/small><\/h3>\n<h3 class=\"sec9_acc_box5___paXgiG5nKt sec9_acc_box___2DHrGSDIBl inactive\"><b>\u00bfCu\u00e1nto tiempo debo tomar Vigor360?<\/b><small>Puede tomar Vigor360 todo el tiempo que desee para obtener una vida sexual m\u00e1s placentera.<\/small><\/h3>\n<h3 class=\"sec9_acc_box6___2RRjj-kCIH sec9_acc_box___2DHrGSDIBl inactive\"><b>\u00bfVigor360 est\u00e1 comprobado cient\u00edficamente?<\/b><small>En estudios cl\u00ednicos realizados por expertos independientes, en los cuales participaron m\u00e1s de 4.000 hombres que toman Vigor360, se ha comprobado el aumento de la potencia y el placer sexual.<\/small><\/h3>\n<\/aside>\n<\/div>\n<\/section>\n<section id=\"destino\" class=\"sec10___1gDHK_ahxD bbffxx\">\n<div class=\"container___3QwOzER-_1\">\n<div class=\"sec10_inner___1yHwGJqc1L\">\n<h2 class=\"sec10_h2___1oSDDXj8DO\"><small>TENGA LA VIDA SEXUAL<\/small> <b>QUE USTED SIEMPRE QUISO<\/b><\/h2>\n<ul class=\"sec10_ul___1GOq15Rmfn\">\n<li class=\"sec10_li1___3GTvGeQvJ2 sec10_list___3WDFbZryH9\">Sienta el placer y la confianza que s\u00f3lo experimentan los amantes<\/li>\n<li class=\"sec10_li2___5p47KZyEcC sec10_list___3WDFbZryH9\">Tenga el mejor sexo del mundo, si\u00e9ntase bien acerca de su desempe\u00f1o<\/li>\n<li class=\"sec10_li3___16ZifcW4cW sec10_list___3WDFbZryH9\">Orgasmos m\u00e1s intensos y un placer sexual m\u00e1s profundo<\/li>\n<\/ul>\n<\/div>\n<aside class=\"form_cont___27bfOqpiXS\">\n<div id=\"formAnchor\">&nbsp;<\/div>\n<h3 class=\"form_arrow___2lIiDHU4VA\"><b>OFERTA ESPECIAL<\/b> <strong>HASTA UN 56%<\/strong> <small>DESCUENTO<\/small><\/h3>\n<h2 class=\"form_title___hSxRMUTSxp\">IND\u00cdQUENOS A D\u00d3NDE <b>ENVIAR SU PAQUETE!<\/b><\/h2>\n<p><a class=\"buttonIndex\" href=\"https:\/\/vigor360oficial.com\/?page_id=90\">ORDENE AHORA!<\/a><\/p>\n<div class=\"icons-shopping\">\n<p><img decoding=\"async\" src=\"https:\/\/vigor360oficial.com\/wp-content\/uploads\/2021\/10\/payments-vigor.png\" width=\"300\" height=\"\"><\/p>\n<\/div>\n<\/aside>\n<\/div>\n<\/section>\n<\/div>\n<\/div>\n<div style=\"display: none;\">\n<div class=\"modal-backdrop\">&nbsp;<\/div>\n<p><a href=\"#\"><img decoding=\"async\" class=\"exit-modal\" src=\"2807ec3a83d12353cf2cdb9767fb969e.png\"><\/a><\/p>\n<\/div>\n<p><img decoding=\"async\" class=\"safeBuy\" src=\"css\/guaranteed.png\"><\/p>\n<\/div>\n<\/div>\n","protected":false},"excerpt":{"rendered":"<p>SEA UN AMANTE INVENCIBLE CON Vigor360 Con Vigor360, cada hombre podr\u00e1 tener el rendimiento sexual y la resistencia que vuelve&hellip;<\/p>\n","protected":false},"author":1,"featured_media":0,"parent":0,"menu_order":0,"comment_status":"closed","ping_status":"closed","template":"template-parts\/template-page-builders.php","meta":{"footnotes":""},"class_list":["post-17","page","type-page","status-publish","hentry"],"_links":{"self":[{"href":"https:\/\/vigor360oficial.com\/index.php?rest_route=\/wp\/v2\/pages\/17","targetHints":{"allow":["GET"]}}],"collection":[{"href":"https:\/\/vigor360oficial.com\/index.php?rest_route=\/wp\/v2\/pages"}],"about":[{"href":"https:\/\/vigor360oficial.com\/index.php?rest_route=\/wp\/v2\/types\/page"}],"author":[{"embeddable":true,"href":"https:\/\/vigor360oficial.com\/index.php?rest_route=\/wp\/v2\/users\/1"}],"replies":[{"embeddable":true,"href":"https:\/\/vigor360oficial.com\/index.php?rest_route=%2Fwp%2Fv2%2Fcomments&post=17"}],"version-history":[{"count":45,"href":"https:\/\/vigor360oficial.com\/index.php?rest_route=\/wp\/v2\/pages\/17\/revisions"}],"predecessor-version":[{"id":109,"href":"https:\/\/vigor360oficial.com\/index.php?rest_route=\/wp\/v2\/pages\/17\/revisions\/109"}],"wp:attachment":[{"href":"https:\/\/vigor360oficial.com\/index.php?rest_route=%2Fwp%2Fv2%2Fmedia&parent=17"}],"curies":[{"name":"wp","href":"https:\/\/api.w.org\/{rel}","templated":true}]}}