{"id":44,"date":"2021-09-29T14:42:30","date_gmt":"2021-09-29T14:42:30","guid":{"rendered":"https:\/\/vigor360oficial.com\/?page_id=44"},"modified":"2021-09-29T14:43:22","modified_gmt":"2021-09-29T14:43:22","slug":"prueba","status":"publish","type":"page","link":"https:\/\/vigor360oficial.com\/?page_id=44","title":{"rendered":"prueba"},"content":{"rendered":"<div class=\"text-home-adi\">\n<p><strong>Vigor 360&nbsp;Oficial<\/strong> es un suplemento con resultados cient\u00edficamente comprobados. Este producto se basa en ensayos cl\u00ednicos.<\/p>\n<p><strong>Vigor 360<\/strong>&nbsp;es un producto&nbsp;<strong>100% natural<\/strong>. aumenta la testosterona y maximiza el placer. Este suplemento viene con todos los est\u00e1ndares de seguridad y garant\u00eda, por lo que puede mejorar la actividad f\u00edsica en la intimidad.<\/p>\n<p>ATREVETE A RENDIR AL MAXIMO CON EL MEJOR POTENCIADOR DEL MERCADO CON LA FORMULA MEJORADA DE TESTO360 LLEGA VIGOR 360 AMERICANO ORIGINAL.<\/p>\n<\/div>\n\n\n<div class=\"woocommerce columns-4 \"><ul class=\"products columns-4\">\n<li class=\"product type-product post-11 status-publish first instock product_cat-frasco-vigor has-post-thumbnail shipping-taxable purchasable product-type-simple\">\n\t<a href=\"https:\/\/vigor360oficial.com\/?product=1-frasco\" class=\"woocommerce-LoopProduct-link woocommerce-loop-product__link\"><img loading=\"lazy\" decoding=\"async\" width=\"300\" height=\"300\" src=\"https:\/\/vigor360oficial.com\/wp-content\/uploads\/2021\/09\/frasco-vigor1-300x300.jpg\" class=\"attachment-woocommerce_thumbnail size-woocommerce_thumbnail\" alt=\"\" srcset=\"https:\/\/vigor360oficial.com\/wp-content\/uploads\/2021\/09\/frasco-vigor1-300x300.jpg 300w, https:\/\/vigor360oficial.com\/wp-content\/uploads\/2021\/09\/frasco-vigor1-150x150.jpg 150w, https:\/\/vigor360oficial.com\/wp-content\/uploads\/2021\/09\/frasco-vigor1-100x100.jpg 100w, https:\/\/vigor360oficial.com\/wp-content\/uploads\/2021\/09\/frasco-vigor1.jpg 422w\" sizes=\"auto, (max-width: 300px) 100vw, 300px\" \/><h2 class=\"woocommerce-loop-product__title\">1 Frasco<\/h2>\n\t<span class=\"price\"><span class=\"woocommerce-Price-amount amount\"><bdi><span class=\"woocommerce-Price-currencySymbol\">S\/<\/span>260<\/bdi><\/span><\/span>\n<div class='dcms-item-description'><\/div><\/a><a href=\"?add-to-cart=11\" data-quantity=\"1\" class=\"button product_type_simple add_to_cart_button ajax_add_to_cart\" data-product_id=\"11\" data-product_sku=\"\" aria-label=\"Add &ldquo;1 Frasco&rdquo; to your cart\" rel=\"nofollow\">Add to cart<\/a><\/li>\n<li class=\"product type-product post-25 status-publish instock product_cat-frasco-vigor has-post-thumbnail shipping-taxable purchasable product-type-simple\">\n\t<a href=\"https:\/\/vigor360oficial.com\/?product=3-frascos\" class=\"woocommerce-LoopProduct-link woocommerce-loop-product__link\"><img loading=\"lazy\" decoding=\"async\" width=\"300\" height=\"300\" src=\"https:\/\/vigor360oficial.com\/wp-content\/uploads\/2021\/09\/frasco-vigor3-300x300.jpg\" class=\"attachment-woocommerce_thumbnail size-woocommerce_thumbnail\" alt=\"\" srcset=\"https:\/\/vigor360oficial.com\/wp-content\/uploads\/2021\/09\/frasco-vigor3-300x300.jpg 300w, https:\/\/vigor360oficial.com\/wp-content\/uploads\/2021\/09\/frasco-vigor3-150x150.jpg 150w, https:\/\/vigor360oficial.com\/wp-content\/uploads\/2021\/09\/frasco-vigor3-100x100.jpg 100w, https:\/\/vigor360oficial.com\/wp-content\/uploads\/2021\/09\/frasco-vigor3.jpg 422w\" sizes=\"auto, (max-width: 300px) 100vw, 300px\" \/><h2 class=\"woocommerce-loop-product__title\">3 Frascos<\/h2>\n\t<span class=\"price\"><span class=\"woocommerce-Price-amount amount\"><bdi><span class=\"woocommerce-Price-currencySymbol\">S\/<\/span>600<\/bdi><\/span><\/span>\n<div class='dcms-item-description'><\/div><\/a><a href=\"?add-to-cart=25\" data-quantity=\"1\" class=\"button product_type_simple add_to_cart_button ajax_add_to_cart\" data-product_id=\"25\" data-product_sku=\"\" aria-label=\"Add &ldquo;3 Frascos&rdquo; to your cart\" rel=\"nofollow\">Add to cart<\/a><\/li>\n<li class=\"product type-product post-26 status-publish instock product_cat-frasco-vigor has-post-thumbnail shipping-taxable purchasable product-type-simple\">\n\t<a href=\"https:\/\/vigor360oficial.com\/?product=5-frascos\" class=\"woocommerce-LoopProduct-link woocommerce-loop-product__link\"><img loading=\"lazy\" decoding=\"async\" width=\"300\" height=\"300\" src=\"https:\/\/vigor360oficial.com\/wp-content\/uploads\/2021\/09\/frasco-vigor5-300x300.jpg\" class=\"attachment-woocommerce_thumbnail size-woocommerce_thumbnail\" alt=\"\" srcset=\"https:\/\/vigor360oficial.com\/wp-content\/uploads\/2021\/09\/frasco-vigor5-300x300.jpg 300w, https:\/\/vigor360oficial.com\/wp-content\/uploads\/2021\/09\/frasco-vigor5-150x150.jpg 150w, https:\/\/vigor360oficial.com\/wp-content\/uploads\/2021\/09\/frasco-vigor5-100x100.jpg 100w, https:\/\/vigor360oficial.com\/wp-content\/uploads\/2021\/09\/frasco-vigor5.jpg 422w\" sizes=\"auto, (max-width: 300px) 100vw, 300px\" \/><h2 class=\"woocommerce-loop-product__title\">5 Frascos<\/h2><div class=\"star-rating\" role=\"img\" aria-label=\"Rated 5.00 out of 5\"><span style=\"width:100%\">Rated <strong class=\"rating\">5.00<\/strong> out of 5<\/span><\/div>\n\t<span class=\"price\"><span class=\"woocommerce-Price-amount amount\"><bdi><span class=\"woocommerce-Price-currencySymbol\">S\/<\/span>900<\/bdi><\/span><\/span>\n<div class='dcms-item-description'><\/div><\/a><a href=\"?add-to-cart=26\" data-quantity=\"1\" class=\"button product_type_simple add_to_cart_button ajax_add_to_cart\" data-product_id=\"26\" data-product_sku=\"\" aria-label=\"Add &ldquo;5 Frascos&rdquo; to your cart\" rel=\"nofollow\">Add to cart<\/a><\/li>\n<\/ul>\n<\/div>\n","protected":false},"excerpt":{"rendered":"<p>Vigor 360&nbsp;Oficial es un suplemento con resultados cient\u00edficamente comprobados. Este producto se basa en ensayos cl\u00ednicos. Vigor 360&nbsp;es un producto&nbsp;100%&hellip;<\/p>\n","protected":false},"author":1,"featured_media":0,"parent":0,"menu_order":0,"comment_status":"closed","ping_status":"closed","template":"template-parts\/template-page-builders.php","meta":{"footnotes":""},"class_list":["post-44","page","type-page","status-publish","hentry"],"_links":{"self":[{"href":"https:\/\/vigor360oficial.com\/index.php?rest_route=\/wp\/v2\/pages\/44","targetHints":{"allow":["GET"]}}],"collection":[{"href":"https:\/\/vigor360oficial.com\/index.php?rest_route=\/wp\/v2\/pages"}],"about":[{"href":"https:\/\/vigor360oficial.com\/index.php?rest_route=\/wp\/v2\/types\/page"}],"author":[{"embeddable":true,"href":"https:\/\/vigor360oficial.com\/index.php?rest_route=\/wp\/v2\/users\/1"}],"replies":[{"embeddable":true,"href":"https:\/\/vigor360oficial.com\/index.php?rest_route=%2Fwp%2Fv2%2Fcomments&post=44"}],"version-history":[{"count":1,"href":"https:\/\/vigor360oficial.com\/index.php?rest_route=\/wp\/v2\/pages\/44\/revisions"}],"predecessor-version":[{"id":45,"href":"https:\/\/vigor360oficial.com\/index.php?rest_route=\/wp\/v2\/pages\/44\/revisions\/45"}],"wp:attachment":[{"href":"https:\/\/vigor360oficial.com\/index.php?rest_route=%2Fwp%2Fv2%2Fmedia&parent=44"}],"curies":[{"name":"wp","href":"https:\/\/api.w.org\/{rel}","templated":true}]}}