{"id":85,"date":"2021-09-30T23:38:44","date_gmt":"2021-09-30T23:38:44","guid":{"rendered":"https:\/\/vigor360oficial.com\/?page_id=85"},"modified":"2021-09-30T23:38:44","modified_gmt":"2021-09-30T23:38:44","slug":"terminos-y-condiciones","status":"publish","type":"page","link":"https:\/\/vigor360oficial.com\/?page_id=85","title":{"rendered":"T\u00e9rminos y Condiciones"},"content":{"rendered":"\n<p>Este sitio es de propiedad y operado por TestoUltra Testosterone Enhancer.<\/p>\n\n\n\n<h3 class=\"wp-block-heading\">ACUERDO<\/h3>\n\n\n\n<p>TestoUltra Testosterone Enhancer contiene m\u00faltiples p\u00e1ginas web operadas por TestoUltra Testosterone Enhancer. Esta oferta est\u00e1 disponible para usted y se encuentra sujeta a la aceptaci\u00f3n de los pr\u00f3ximos t\u00e9rminos y condiciones. Su uso del sitio de TestoUltra Testosterone Enhancer y las ofertas relacionadas representan su aceptaci\u00f3n a los t\u00e9rminos contenidos en el presente. TestoUltra Testosterone Enhancer se reserva el derecho de cambiar los t\u00e9rminos bajo los cuales se ofrece esta oferta. Por favor, revise esta p\u00e1gina para conocer cualquier cambio. TestoUltra Testosterone Enhancer busca asegurar que toda la informaci\u00f3n disponible en este sitio web es precisa y ver\u00eddica, sin embargo, no existe garant\u00eda. Estos t\u00e9rminos y condiciones aplican exclusivamente, aunque contrasten con las condiciones y especificaciones, generales o espec\u00edficas, del comprador. Estas condiciones ser\u00e1n vigentes durante la venta y las actividades relevantes relacionadas con dicha venta.<\/p>\n\n\n\n<h3 class=\"wp-block-heading\">T\u00c9RMINOS B\u00c1SICOS DEL ACUERDO<\/h3>\n\n\n\n<p>El precio de este producto es el precio establecido al momento de la compra y puede cambiar eventualmente si es utilizado para completar una nueva compra. En ning\u00fan caso, el precio de compra de hoy garantiza un precio para compras futuras no relacionadas. El precio no incluye el env\u00edo y los costos de operaci\u00f3n aplicables que pueden ser evaluados bas\u00e1ndose en la cantidad de la compra.<\/p>\n\n\n\n<p>* Cargos Internacionales de hasta un 15% pueden aplicar.<\/p>\n\n\n\n<p>Al realizar su pedido hoy, usted se compromete a ser incluido en la oferta del programa de refacturaci\u00f3n mensual. Usted recibir\u00e1 un suministro nuevo cada 30 d\u00edas por el cual le ser\u00e1 cobrado el valor de que se paga hoy. Los cargos se realizar\u00e1n a la misma tarjeta que usted suministre para el pedido de hoy. Usted puede cancelar en cualquier momento para evitar cobros y env\u00edos futuros.<\/p>\n\n\n\n<p>Soporte por correo electr\u00f3nico disponible:&nbsp;<a href=\"mailto:support.spa@biotrimlabs.com\">support.spa@biotrimlabs.com<\/a><\/p>\n\n\n\n<p>Tambi\u00e9n, nos puede llamar de manera gratuita al:<\/p>\n\n\n\n<p><strong>PE :&nbsp;<\/strong>+931 565 657<\/p>\n\n\n\n<h3 class=\"wp-block-heading\">CANCELACIONES \/ REEMBOLSOS<\/h3>\n\n\n\n<p>Para cancelar su pedido en cualquier momento, por favor, cont\u00e1cte a nuestro Departamento de Servicio al Cliente<\/p>\n\n\n\n<p>Soporte en vivo por correo electr\u00f3nico:&nbsp;<a href=\"mailto:support.spa@biotrimlabs.com\">support.spa@biotrimlabs.com<\/a><\/p>\n\n\n\n<p><strong>PE :&nbsp;<\/strong>+931 565 657<\/p>\n\n\n\n<p>Si la cancelaci\u00f3n se realiza despu\u00e9s que el pedido ha sido enviado, usted ser\u00e1 responsable por el pago de productos que (1) ya ha sido enviado o (2) ya le ha sido entregado cuando usted llama.<\/p>\n\n\n\n<p>Para poder procesar el reembolso, usted debe contactar a nuestro departamento de servicio al cliente y proporcionar su nombre y la informaci\u00f3n de su cuenta. Si usted proporciona informaci\u00f3n incorrecta, no podremos acceder a su cuenta y no completaremos el reembolso. Los reembolsos pueden tomar hasta dos semanas para aparecer en su estado de cuenta, dependiendo del banco emisor.<\/p>\n\n\n\n<h3 class=\"wp-block-heading\">ENV\u00cdOS \/ DEVOLUCIONES<\/h3>\n\n\n\n<p>El env\u00edo est\u00e1ndar usualmente toma entre 14 y 21 d\u00edas laborables. Si desea regresar el producto no utilizado, por favor, env\u00edelo a la direcci\u00f3n a continuaci\u00f3n.<\/p>\n\n\n\n<p>Por favor, env\u00ede las devoluciones a:<\/p>\n\n\n\n<p><strong>BioTrim Labs<\/strong>: Returns Department P.O. Box 13592, Linlithgow, EH49 9AZ, UK<\/p>\n\n\n\n<p>Los clientes son responsables por cualquier tarifa de env\u00edo asociada con sus devoluciones, las cuales pueden estar sujetas a cobros por reposici\u00f3n de existencias.<\/p>\n\n\n\n<h3 class=\"wp-block-heading\">RELACIONES CON TERCEROS<\/h3>\n\n\n\n<p>TestoUltra Testosterone Enhancer no es responsable por la transmisi\u00f3n web, o cualquier otra forma de transmisi\u00f3n recibida de cualquier Sitio Enlazado. TestoUltra Testosterone Enhancer le proporciona estos enlaces solamente por conveniencia, y la inclusi\u00f3n de cualquier enlace no implica el respaldo de TestoUltra Testosterone Enhancer al sitio o cualquier asociaci\u00f3n con sus directivos o directores.<\/p>\n\n\n\n<h3 class=\"wp-block-heading\">USO PROHIBIDO O ILEGAL<\/h3>\n\n\n\n<p>Como condici\u00f3n de su uso de TestoUltra Testosterone Enhancer, usted acuerda no utilizar el Sitio para cualquier prop\u00f3sito ilegal o prohibido por estos t\u00e9rminos y condiciones. Usted no podr\u00e1 utilizar TestoUltra Testosterone Enhancer para da\u00f1ar, inhabilitar o perjudicar el sitio web de TestoUltra Testosterone Enhancer. Usted no puede obtener, o intentar obtener, materiales o informaci\u00f3n por medios no intencionalmente hechos disponibles, o provistos por medio de nuestro sitio.<\/p>\n\n\n\n<h3 class=\"wp-block-heading\">REGISTRO DE USUARIO Y FIRMA ELECTR\u00d3NICA<\/h3>\n\n\n\n<p>Usted debe registrarse como un \u00abmiembro\u00bb de TestoUltra Testosterone Enhancer para poder tener acceso a ciertas funciones del sitio. Usted debe proporcionar informaci\u00f3n actualizada, completa y precisa sobre usted al momento que se registra como un miembro. Usted est\u00e1 de acuerdo con que dicha informaci\u00f3n es ver\u00eddica y completa. Usted acepta mantener su informaci\u00f3n personal actualizada, y a actualizarla cuando sea necesario. Sin su informaci\u00f3n ver\u00eddica, TestoUltra Testosterone Enhancer no ser\u00e1 responsable por cualquier acceso o problema de acceso.<\/p>\n\n\n\n<p>Una vez de completarse el registro, usted acepta estos T\u00e9rminos y Condiciones, usted nos da su aprobaci\u00f3n y firma electr\u00f3nicamente esta oferta, y por lo tanto, la autorizaci\u00f3n. Solamente de esta manera el cobro y la aceptaci\u00f3n pueden ser confirmados.<\/p>\n\n\n\n<h3 class=\"wp-block-heading\">DESCARGO DE REPONSABILIDAD<\/h3>\n\n\n\n<p>LA INFORMACI\u00d3N, EL SOFTWARE, LOS PRODUCTOS Y LOS SERVICIOS INCLUIDOS O, HECHOS DISPONIBLES POR MEDIO DE, EL SITIO WEB DE TestoUltra Testosterone Enhancer PUEDEN INCLUIR IMPRECISIONES O ERRORES TIPOGR\u00c1FICOS. LAS EDICIONES SON PERIODICAMENTE AGREGADAS A LA INFORMACI\u00d3N.<\/p>\n\n\n\n<p>TestoUltra Testosterone Enhancer NO HACE NINGUNA REPRESENTACI\u00d3N O GARANT\u00cdA CON RELACI\u00d3N A LA CONFIABILIDAD, EL ESTADO F\u00cdSICO, LAS L\u00cdNEAS DE TIEMPO Y LA PRECISI\u00d3N DE LA INFORMACI\u00d3N, EL SOFTWARE, LOS PRODUCTOS, LOS SERVICIOS Y LOS GR\u00c1FICOS RELACIONADOS CONTENIDOS EN EL SITIO. A LA MAYOR EXTENSI\u00d3N PERMITIDA POR LA LEY APLICABLE, EN NING\u00daN EVENTO TestoUltra Testosterone Enhancer Y\/O SUS PROVEEDORES SER\u00c1N RESPONSABLES POR CUALQUIER DA\u00d1O DIRECTO, INDIRECTO, PUNITIVO, INCIDENTAL, ESPECIAL, CONSECUENCIAL, O DA\u00d1OS QUE DE CUALQUIER MANERA INCLUYAN, SIN LIMITARSE A, DA\u00d1OS POR P\u00c9RDIDA DE USO, INFORMACI\u00d3N O GANANCIAS, DERIVADAS DE, O DE CUALQUIER MANERA CONECTADAS A, EL USO O DESEMPE\u00d1O DE LOS PRODUCTOS O SERVICIOS.<\/p>\n\n\n\n<h3 class=\"wp-block-heading\">EXPULSI\u00d3N \/ RESTRICCI\u00d3N DEL ACCESO<\/h3>\n\n\n\n<p>TestoUltra Testosterone Enhancer se reserva el derecho, a su propia discreci\u00f3n, la cancelaci\u00f3n de su acceso al sitio web y los servicios relacionados o a cualquier porci\u00f3n de los mismos, en cualquier momento y sin notificaci\u00f3n previa. Usted acepta que no existe ninguna sociedad, empresa conjunta, empleo o relaci\u00f3n de agencia entre usted y TestoUltra Testosterone Enhancer, como un resultado de este acuerdo o uso de los servicios. Este acuerdo originalmente est\u00e1 escrito en ingl\u00e9s, el cual debe ser considerado como el idioma oficial del texto de este contrato, sin importar del idioma al cual estos t\u00e9rminos han sido traducidos. Si desea recibir una copia de estos t\u00e9rminos, por favor, env\u00ede su solicitud a:&nbsp;<a href=\"mailto:support.spa@biotrimlabs.com\">support.spa@biotrimlabs.com<\/a><\/p>\n\n\n\n<h3 class=\"wp-block-heading\">AVISOS DE PROPIEDAD INTELECTUAL, DERECHOS DE AUTOR\u00cdA Y MARCAS COMERCIALES:<\/h3>\n\n\n\n<p>TestoUltra Testosterone Enhancer y todos sus logos relacionados son marcas o nombres comerciales. Usted no puede copiar, imitar o utilizar los mencionados anteriormente sin la autorizaci\u00f3n de TestoUltra Testosterone Enhancer. Usted no puede alterar, modificar o de cualquier manera cambiar estos logos en HTML, o usarlos de una manera que se considere ofensiva seg\u00fan TestoUltra Testosterone Enhancer, o usarlos de una manera que implique patrocinio o respaldo de TestoUltra Testosterone Enhancer.<\/p>\n\n\n\n<h3 class=\"wp-block-heading\">MARCAS COMERCIALES<\/h3>\n\n\n\n<p>Los nombres de las empresas y productos mencionados en el presente pueden ser marcas comerciales de sus propietarios respectivos. Las empresas, organizaciones, productos, personas y eventos utilizados de ejemplo son ficticios. No se pretende y no deber\u00e1 inferirse una relaci\u00f3n con una empresa, organizaci\u00f3n, producto, persona o evento real- Todos los derechos no otorgados de manera expresa son reservados.<\/p>\n\n\n\n<h3 class=\"wp-block-heading\">POL\u00cdTICA DE PRIVACIDAD<\/h3>\n\n\n\n<p>Por favor, consulte la pol\u00edtica de privacidad de TestoUltra Testosterone Enhancer. Al aceptar estos T\u00e9rminos y Condiciones, y cada vez que utiliza este servicio, usted acepta la captura, uso y divulgaci\u00f3n de la informaci\u00f3n y datos registrados por TestoUltra Testosterone Enhancer, en cumplimiento con la pol\u00edtica de privacidad, sin previo aviso o responsabilidad ante usted o cualquier otra persona.<\/p>\n\n\n\n<h3 class=\"wp-block-heading\">SUPLEMENTO<\/h3>\n\n\n\n<p>Este producto ha sido formulado para ser un suplemento diet\u00e9tico y no tiene como prop\u00f3sito ser un substituto para una dieta variada. Todos los individuos, sin importar su la condici\u00f3n de su salud, deben consultar a su m\u00e9dico antes de empezar una nueva dieta. Este producto est\u00e1 destinado para el uso de personas mayores de 18 a\u00f1os.<\/p>\n\n\n\n<p>El servicio al cliente est\u00e1 disponible 24 horas al d\u00eda, cont\u00e1ctenos:&nbsp;<a href=\"mailto:support.spa@biotrimlabs.com\">support.spa@biotrimlabs.com<\/a><\/p>\n\n\n\n<p>Copyright&nbsp;\u00a9&nbsp;2020&nbsp;TestoUltra Testosterone Enhancer&nbsp;Todos los derechos reservados.<\/p>\n","protected":false},"excerpt":{"rendered":"<p>Este sitio es de propiedad y operado por TestoUltra Testosterone Enhancer. ACUERDO TestoUltra Testosterone Enhancer contiene m\u00faltiples p\u00e1ginas web operadas&hellip;<\/p>\n","protected":false},"author":1,"featured_media":0,"parent":0,"menu_order":0,"comment_status":"closed","ping_status":"closed","template":"","meta":{"footnotes":""},"class_list":["post-85","page","type-page","status-publish","hentry"],"_links":{"self":[{"href":"https:\/\/vigor360oficial.com\/index.php?rest_route=\/wp\/v2\/pages\/85","targetHints":{"allow":["GET"]}}],"collection":[{"href":"https:\/\/vigor360oficial.com\/index.php?rest_route=\/wp\/v2\/pages"}],"about":[{"href":"https:\/\/vigor360oficial.com\/index.php?rest_route=\/wp\/v2\/types\/page"}],"author":[{"embeddable":true,"href":"https:\/\/vigor360oficial.com\/index.php?rest_route=\/wp\/v2\/users\/1"}],"replies":[{"embeddable":true,"href":"https:\/\/vigor360oficial.com\/index.php?rest_route=%2Fwp%2Fv2%2Fcomments&post=85"}],"version-history":[{"count":1,"href":"https:\/\/vigor360oficial.com\/index.php?rest_route=\/wp\/v2\/pages\/85\/revisions"}],"predecessor-version":[{"id":86,"href":"https:\/\/vigor360oficial.com\/index.php?rest_route=\/wp\/v2\/pages\/85\/revisions\/86"}],"wp:attachment":[{"href":"https:\/\/vigor360oficial.com\/index.php?rest_route=%2Fwp%2Fv2%2Fmedia&parent=85"}],"curies":[{"name":"wp","href":"https:\/\/api.w.org\/{rel}","templated":true}]}}