{"id":11,"date":"2021-09-16T18:42:00","date_gmt":"2021-09-16T18:42:00","guid":{"rendered":"https:\/\/vigor360oficial.com\/?post_type=product&#038;p=11"},"modified":"2024-06-29T21:32:09","modified_gmt":"2024-06-29T21:32:09","slug":"1-frasco","status":"publish","type":"product","link":"https:\/\/vigor360oficial.com\/?product=1-frasco","title":{"rendered":"1 Frasco"},"content":{"rendered":"<p>Suplemento natural original americano y efectivo aporte energ\u00eda potencia y masa muscular si ejercitas frasco x 30 c\u00e1psulas, se toma una capsula diaria despu\u00e9s del desayuno o almuerzo o antes de actividad f\u00edsica.<\/p>\n","protected":false},"excerpt":{"rendered":"<p>Suplemento natural original americano y efectivo aporte energ\u00eda potencia y masa muscular si ejercitas frasco x 30 c\u00e1psulas, se toma&hellip;<\/p>\n","protected":false},"featured_media":31,"comment_status":"open","ping_status":"closed","template":"","meta":[],"product_cat":[16],"product_tag":[],"class_list":{"0":"post-11","1":"product","2":"type-product","3":"status-publish","4":"has-post-thumbnail","6":"product_cat-frasco-vigor","8":"first","9":"instock","10":"shipping-taxable","11":"purchasable","12":"product-type-simple"},"_links":{"self":[{"href":"https:\/\/vigor360oficial.com\/index.php?rest_route=\/wp\/v2\/product\/11","targetHints":{"allow":["GET"]}}],"collection":[{"href":"https:\/\/vigor360oficial.com\/index.php?rest_route=\/wp\/v2\/product"}],"about":[{"href":"https:\/\/vigor360oficial.com\/index.php?rest_route=\/wp\/v2\/types\/product"}],"replies":[{"embeddable":true,"href":"https:\/\/vigor360oficial.com\/index.php?rest_route=%2Fwp%2Fv2%2Fcomments&post=11"}],"wp:featuredmedia":[{"embeddable":true,"href":"https:\/\/vigor360oficial.com\/index.php?rest_route=\/wp\/v2\/media\/31"}],"wp:attachment":[{"href":"https:\/\/vigor360oficial.com\/index.php?rest_route=%2Fwp%2Fv2%2Fmedia&parent=11"}],"wp:term":[{"taxonomy":"product_cat","embeddable":true,"href":"https:\/\/vigor360oficial.com\/index.php?rest_route=%2Fwp%2Fv2%2Fproduct_cat&post=11"},{"taxonomy":"product_tag","embeddable":true,"href":"https:\/\/vigor360oficial.com\/index.php?rest_route=%2Fwp%2Fv2%2Fproduct_tag&post=11"}],"curies":[{"name":"wp","href":"https:\/\/api.w.org\/{rel}","templated":true}]}}